{"id":31211,"date":"2024-08-14T15:19:19","date_gmt":"2024-08-14T15:19:19","guid":{"rendered":"https:\/\/aspeera.org\/strona-z-podziekowaniami\/"},"modified":"2025-01-11T19:23:35","modified_gmt":"2025-01-11T19:23:35","slug":"strona-z-podziekowaniami","status":"publish","type":"page","link":"https:\/\/aspeera.org\/pl\/strona-z-podziekowaniami\/","title":{"rendered":"Strona z podzi\u0119kowaniami"},"content":{"rendered":"\t\t<div data-elementor-type=\"page\" data-elementor-id=\"31211\" class=\"elementor elementor-31211 elementor-27210\" data-elementor-post-type=\"page\">\n\t\t\t\t<div class=\"elementor-element elementor-element-7bba5c7 e-con-full e-flex wpr-particle-no wpr-jarallax-no wpr-parallax-no wpr-sticky-section-no e-con e-parent\" data-id=\"7bba5c7\" data-element_type=\"container\">\n\t\t<div class=\"elementor-element elementor-element-641f5c2f e-con-full e-flex wpr-particle-no wpr-jarallax-no wpr-parallax-no wpr-sticky-section-no e-con e-child\" data-id=\"641f5c2f\" data-element_type=\"container\">\n\t\t\t\t<div class=\"elementor-element elementor-element-2cb4423a elementor-widget__width-initial elementor-widget elementor-widget-heading\" data-id=\"2cb4423a\" data-element_type=\"widget\" data-widget_type=\"heading.default\">\n\t\t\t\t<div class=\"elementor-widget-container\">\n\t\t\t<style>\/*! elementor - v3.23.0 - 05-08-2024 *\/\n.elementor-heading-title{padding:0;margin:0;line-height:1}.elementor-widget-heading .elementor-heading-title[class*=elementor-size-]>a{color:inherit;font-size:inherit;line-height:inherit}.elementor-widget-heading .elementor-heading-title.elementor-size-small{font-size:15px}.elementor-widget-heading .elementor-heading-title.elementor-size-medium{font-size:19px}.elementor-widget-heading .elementor-heading-title.elementor-size-large{font-size:29px}.elementor-widget-heading .elementor-heading-title.elementor-size-xl{font-size:39px}.elementor-widget-heading .elementor-heading-title.elementor-size-xxl{font-size:59px}<\/style><div class=\"elementor-heading-title elementor-size-default\">Brawo!  <\/div>\t\t<\/div>\n\t\t\t\t<\/div>\n\t\t\t\t<div class=\"elementor-element elementor-element-2603b8e3 elementor-widget__width-initial elementor-widget elementor-widget-heading\" data-id=\"2603b8e3\" data-element_type=\"widget\" data-widget_type=\"heading.default\">\n\t\t\t\t<div class=\"elementor-widget-container\">\n\t\t\t<div class=\"elementor-heading-title elementor-size-default\">Pierwszy krok za Tob\u0105.<\/div>\t\t<\/div>\n\t\t\t\t<\/div>\n\t\t\t\t<\/div>\n\t\t\t\t<div class=\"elementor-element elementor-element-34a6622d elementor-widget elementor-widget-image\" data-id=\"34a6622d\" data-element_type=\"widget\" data-widget_type=\"image.default\">\n\t\t\t\t<div class=\"elementor-widget-container\">\n\t\t\t<style>\/*! elementor - v3.23.0 - 05-08-2024 *\/\n.elementor-widget-image{text-align:center}.elementor-widget-image a{display:inline-block}.elementor-widget-image a img[src$=\".svg\"]{width:48px}.elementor-widget-image img{vertical-align:middle;display:inline-block}<\/style>\t\t\t\t\t\t\t\t\t\t<img fetchpriority=\"high\" decoding=\"async\" width=\"626\" height=\"392\" src=\"https:\/\/aspeera.org\/wp-content\/uploads\/2024\/08\/9827e64a277eac7c1e8e93e99f0ae5ea.png\" class=\"attachment-full size-full wp-image-27214\" alt=\"\" srcset=\"https:\/\/aspeera.org\/wp-content\/uploads\/2024\/08\/9827e64a277eac7c1e8e93e99f0ae5ea.png 626w, https:\/\/aspeera.org\/wp-content\/uploads\/2024\/08\/9827e64a277eac7c1e8e93e99f0ae5ea-300x188.png 300w\" sizes=\"(max-width: 626px) 100vw, 626px\" \/>\t\t\t\t\t\t\t\t\t\t\t\t\t<\/div>\n\t\t\t\t<\/div>\n\t\t\t\t<div class=\"elementor-element elementor-element-258aefd3 elementor-widget__width-initial elementor-widget elementor-widget-text-editor\" data-id=\"258aefd3\" data-element_type=\"widget\" data-widget_type=\"text-editor.default\">\n\t\t\t\t<div class=\"elementor-widget-container\">\n\t\t\t<style>\/*! elementor - v3.23.0 - 05-08-2024 *\/\n.elementor-widget-text-editor.elementor-drop-cap-view-stacked .elementor-drop-cap{background-color:#69727d;color:#fff}.elementor-widget-text-editor.elementor-drop-cap-view-framed .elementor-drop-cap{color:#69727d;border:3px solid;background-color:transparent}.elementor-widget-text-editor:not(.elementor-drop-cap-view-default) .elementor-drop-cap{margin-top:8px}.elementor-widget-text-editor:not(.elementor-drop-cap-view-default) .elementor-drop-cap-letter{width:1em;height:1em}.elementor-widget-text-editor .elementor-drop-cap{float:left;text-align:center;line-height:1;font-size:50px}.elementor-widget-text-editor .elementor-drop-cap-letter{display:inline-block}<\/style>\t\t\t\t<p>Nied\u0142ugo kto\u015b z fundacji skontaktuje si\u0119 z Tob\u0105. W mi\u0119dzyczasie mo\u017cesz stara\u0107 si\u0119 wprowadzi\u0107 kilka prostych nawyk\u00f3w, kt\u00f3re u\u0142atwi\u0105 Ci powr\u00f3t do r\u00f3wnowagi:<\/p>\n\t\t\t\t\t\t<\/div>\n\t\t\t\t<\/div>\n\t\t<div class=\"elementor-element elementor-element-1e7244c6 e-con-full e-flex wpr-particle-no wpr-jarallax-no wpr-parallax-no wpr-sticky-section-no e-con e-child\" data-id=\"1e7244c6\" data-element_type=\"container\">\n\t\t<div class=\"elementor-element elementor-element-4865e6f7 e-con-full e-flex wpr-particle-no wpr-jarallax-no wpr-parallax-no wpr-sticky-section-no e-con e-child\" data-id=\"4865e6f7\" data-element_type=\"container\">\n\t\t<div class=\"elementor-element elementor-element-1ed0f915 e-con-full e-flex wpr-particle-no wpr-jarallax-no wpr-parallax-no wpr-sticky-section-no e-con e-child\" data-id=\"1ed0f915\" data-element_type=\"container\">\n\t\t\t\t<div class=\"elementor-element elementor-element-75255a78 elementor-absolute elementor-widget elementor-widget-image\" data-id=\"75255a78\" data-element_type=\"widget\" data-settings=\"{&quot;_position&quot;:&quot;absolute&quot;}\" data-widget_type=\"image.default\">\n\t\t\t\t<div class=\"elementor-widget-container\">\n\t\t\t\t\t\t\t\t\t\t\t\t\t<img decoding=\"async\" width=\"51\" height=\"50\" src=\"https:\/\/aspeera.org\/wp-content\/uploads\/2024\/08\/615b0d789a59040e6ffa50a6934a8536.svg\" class=\"attachment-full size-full wp-image-27215\" alt=\"\" \/>\t\t\t\t\t\t\t\t\t\t\t\t\t<\/div>\n\t\t\t\t<\/div>\n\t\t\t\t<div class=\"elementor-element elementor-element-295572c7 elementor-widget__width-initial elementor-absolute elementor-widget elementor-widget-heading\" data-id=\"295572c7\" data-element_type=\"widget\" data-settings=\"{&quot;_position&quot;:&quot;absolute&quot;}\" data-widget_type=\"heading.default\">\n\t\t\t\t<div class=\"elementor-widget-container\">\n\t\t\t<div class=\"elementor-heading-title elementor-size-default\">1<\/div>\t\t<\/div>\n\t\t\t\t<\/div>\n\t\t\t\t<\/div>\n\t\t<div class=\"elementor-element elementor-element-49e03373 e-con-full e-flex wpr-particle-no wpr-jarallax-no wpr-parallax-no wpr-sticky-section-no e-con e-child\" data-id=\"49e03373\" data-element_type=\"container\">\n\t\t\t\t<div class=\"elementor-element elementor-element-542266ca elementor-widget__width-initial elementor-widget elementor-widget-heading\" data-id=\"542266ca\" data-element_type=\"widget\" data-widget_type=\"heading.default\">\n\t\t\t\t<div class=\"elementor-widget-container\">\n\t\t\t<div class=\"elementor-heading-title elementor-size-default\">Wprowad\u017a regularn\u0105 aktywno\u015b\u0107 fizyczn\u0105.<\/div>\t\t<\/div>\n\t\t\t\t<\/div>\n\t\t\t\t<div class=\"elementor-element elementor-element-7dfa5a2 elementor-widget__width-initial elementor-widget elementor-widget-text-editor\" data-id=\"7dfa5a2\" data-element_type=\"widget\" data-widget_type=\"text-editor.default\">\n\t\t\t\t<div class=\"elementor-widget-container\">\n\t\t\t\t\t\t\t<p>Wyjd\u017a na kr\u00f3tki spacer na \u015bwie\u017cym powietrzu. Nawet 10-15 minut na zewn\u0105trz mo\u017ce poprawi\u0107 nastr\u00f3j i dostarczy\u0107 energii.<\/p>\n\t\t\t\t\t\t<\/div>\n\t\t\t\t<\/div>\n\t\t\t\t<\/div>\n\t\t\t\t<\/div>\n\t\t<div class=\"elementor-element elementor-element-59cab19d e-con-full e-flex wpr-particle-no wpr-jarallax-no wpr-parallax-no wpr-sticky-section-no e-con e-child\" data-id=\"59cab19d\" data-element_type=\"container\">\n\t\t<div class=\"elementor-element elementor-element-78dfdcc2 e-con-full e-flex wpr-particle-no wpr-jarallax-no wpr-parallax-no wpr-sticky-section-no e-con e-child\" data-id=\"78dfdcc2\" data-element_type=\"container\">\n\t\t\t\t<div class=\"elementor-element elementor-element-5a54809c elementor-absolute elementor-widget elementor-widget-image\" data-id=\"5a54809c\" data-element_type=\"widget\" data-settings=\"{&quot;_position&quot;:&quot;absolute&quot;}\" data-widget_type=\"image.default\">\n\t\t\t\t<div class=\"elementor-widget-container\">\n\t\t\t\t\t\t\t\t\t\t\t\t\t<img decoding=\"async\" width=\"51\" height=\"50\" src=\"https:\/\/aspeera.org\/wp-content\/uploads\/2024\/08\/c405fd162f01e2257300ecc4e902c285.svg\" class=\"attachment-full size-full wp-image-27225\" alt=\"\" \/>\t\t\t\t\t\t\t\t\t\t\t\t\t<\/div>\n\t\t\t\t<\/div>\n\t\t\t\t<div class=\"elementor-element elementor-element-6a070997 elementor-widget__width-initial elementor-absolute elementor-widget elementor-widget-heading\" data-id=\"6a070997\" data-element_type=\"widget\" data-settings=\"{&quot;_position&quot;:&quot;absolute&quot;}\" data-widget_type=\"heading.default\">\n\t\t\t\t<div class=\"elementor-widget-container\">\n\t\t\t<div class=\"elementor-heading-title elementor-size-default\">2<\/div>\t\t<\/div>\n\t\t\t\t<\/div>\n\t\t\t\t<\/div>\n\t\t<div class=\"elementor-element elementor-element-4792df3a e-con-full e-flex wpr-particle-no wpr-jarallax-no wpr-parallax-no wpr-sticky-section-no e-con e-child\" data-id=\"4792df3a\" data-element_type=\"container\">\n\t\t\t\t<div class=\"elementor-element elementor-element-5572b6f3 elementor-widget__width-initial elementor-widget elementor-widget-heading\" data-id=\"5572b6f3\" data-element_type=\"widget\" data-widget_type=\"heading.default\">\n\t\t\t\t<div class=\"elementor-widget-container\">\n\t\t\t<div class=\"elementor-heading-title elementor-size-default\">Zadbaj o zdrowy sen i od\u017cywianie.<\/div>\t\t<\/div>\n\t\t\t\t<\/div>\n\t\t\t\t<div class=\"elementor-element elementor-element-cf50676 elementor-widget__width-initial elementor-widget elementor-widget-text-editor\" data-id=\"cf50676\" data-element_type=\"widget\" data-widget_type=\"text-editor.default\">\n\t\t\t\t<div class=\"elementor-widget-container\">\n\t\t\t\t\t\t\t<p>Ustal regularny harmonogram snu, staraj\u0105c si\u0119 k\u0142a\u015b\u0107 i wstawa\u0107 o sta\u0142ych porach. Spo\u017cywaj zdrowe, zr\u00f3wnowa\u017cone posi\u0142ki.<\/p>\n\t\t\t\t\t\t<\/div>\n\t\t\t\t<\/div>\n\t\t\t\t<\/div>\n\t\t\t\t<\/div>\n\t\t<div class=\"elementor-element elementor-element-7df2f31f e-con-full e-flex wpr-particle-no wpr-jarallax-no wpr-parallax-no wpr-sticky-section-no e-con e-child\" data-id=\"7df2f31f\" data-element_type=\"container\">\n\t\t<div class=\"elementor-element elementor-element-3f00182b e-con-full e-flex wpr-particle-no wpr-jarallax-no wpr-parallax-no wpr-sticky-section-no e-con e-child\" data-id=\"3f00182b\" data-element_type=\"container\">\n\t\t\t\t<div class=\"elementor-element elementor-element-410d822a elementor-absolute elementor-widget elementor-widget-image\" data-id=\"410d822a\" data-element_type=\"widget\" data-settings=\"{&quot;_position&quot;:&quot;absolute&quot;}\" data-widget_type=\"image.default\">\n\t\t\t\t<div class=\"elementor-widget-container\">\n\t\t\t\t\t\t\t\t\t\t\t\t\t<img loading=\"lazy\" decoding=\"async\" width=\"51\" height=\"50\" src=\"https:\/\/aspeera.org\/wp-content\/uploads\/2024\/08\/15993a7008a39a6e08aa1735ad5d2244.svg\" class=\"attachment-full size-full wp-image-27235\" alt=\"\" \/>\t\t\t\t\t\t\t\t\t\t\t\t\t<\/div>\n\t\t\t\t<\/div>\n\t\t\t\t<div class=\"elementor-element elementor-element-296d665f elementor-widget__width-initial elementor-absolute elementor-widget elementor-widget-heading\" data-id=\"296d665f\" data-element_type=\"widget\" data-settings=\"{&quot;_position&quot;:&quot;absolute&quot;}\" data-widget_type=\"heading.default\">\n\t\t\t\t<div class=\"elementor-widget-container\">\n\t\t\t<div class=\"elementor-heading-title elementor-size-default\">3<\/div>\t\t<\/div>\n\t\t\t\t<\/div>\n\t\t\t\t<\/div>\n\t\t<div class=\"elementor-element elementor-element-396b2a4a e-con-full e-flex wpr-particle-no wpr-jarallax-no wpr-parallax-no wpr-sticky-section-no e-con e-child\" data-id=\"396b2a4a\" data-element_type=\"container\">\n\t\t\t\t<div class=\"elementor-element elementor-element-7fffe565 elementor-widget__width-initial elementor-widget elementor-widget-heading\" data-id=\"7fffe565\" data-element_type=\"widget\" data-widget_type=\"heading.default\">\n\t\t\t\t<div class=\"elementor-widget-container\">\n\t\t\t<div class=\"elementor-heading-title elementor-size-default\">Praktykuj techniki relaksacyjne.<\/div>\t\t<\/div>\n\t\t\t\t<\/div>\n\t\t\t\t<div class=\"elementor-element elementor-element-5958cbdb elementor-widget__width-initial elementor-widget elementor-widget-text-editor\" data-id=\"5958cbdb\" data-element_type=\"widget\" data-widget_type=\"text-editor.default\">\n\t\t\t\t<div class=\"elementor-widget-container\">\n\t\t\t\t\t\t\t<p>Mo\u017cesz spr\u00f3bowa\u0107 korzysta\u0107 z aplikacji do medytacji lub znale\u017a\u0107 nagrania wideo online, kt\u00f3re krok po kroku przeprowadz\u0105 Ci\u0119 przez te techniki.<\/p>\n\t\t\t\t\t\t<\/div>\n\t\t\t\t<\/div>\n\t\t\t\t<\/div>\n\t\t\t\t<\/div>\n\t\t<div class=\"elementor-element elementor-element-6d564b64 e-con-full e-flex wpr-particle-no wpr-jarallax-no wpr-parallax-no wpr-sticky-section-no e-con e-child\" data-id=\"6d564b64\" data-element_type=\"container\">\n\t\t<div class=\"elementor-element elementor-element-45917981 e-con-full e-flex wpr-particle-no wpr-jarallax-no wpr-parallax-no wpr-sticky-section-no e-con e-child\" data-id=\"45917981\" data-element_type=\"container\">\n\t\t\t\t<div class=\"elementor-element elementor-element-6ff8e13e elementor-absolute elementor-widget elementor-widget-image\" data-id=\"6ff8e13e\" data-element_type=\"widget\" data-settings=\"{&quot;_position&quot;:&quot;absolute&quot;}\" data-widget_type=\"image.default\">\n\t\t\t\t<div class=\"elementor-widget-container\">\n\t\t\t\t\t\t\t\t\t\t\t\t\t<img loading=\"lazy\" decoding=\"async\" width=\"51\" height=\"50\" src=\"https:\/\/aspeera.org\/wp-content\/uploads\/2024\/08\/b92cb7c80c9bfd4f7256a493f2bc72ee.svg\" class=\"attachment-full size-full wp-image-27245\" alt=\"\" \/>\t\t\t\t\t\t\t\t\t\t\t\t\t<\/div>\n\t\t\t\t<\/div>\n\t\t\t\t<div class=\"elementor-element elementor-element-59229210 elementor-widget__width-initial elementor-absolute elementor-widget elementor-widget-heading\" data-id=\"59229210\" data-element_type=\"widget\" data-settings=\"{&quot;_position&quot;:&quot;absolute&quot;}\" data-widget_type=\"heading.default\">\n\t\t\t\t<div class=\"elementor-widget-container\">\n\t\t\t<div class=\"elementor-heading-title elementor-size-default\">4<\/div>\t\t<\/div>\n\t\t\t\t<\/div>\n\t\t\t\t<\/div>\n\t\t<div class=\"elementor-element elementor-element-51232de1 e-con-full e-flex wpr-particle-no wpr-jarallax-no wpr-parallax-no wpr-sticky-section-no e-con e-child\" data-id=\"51232de1\" data-element_type=\"container\">\n\t\t\t\t<div class=\"elementor-element elementor-element-4c7f3e49 elementor-widget__width-initial elementor-widget elementor-widget-heading\" data-id=\"4c7f3e49\" data-element_type=\"widget\" data-widget_type=\"heading.default\">\n\t\t\t\t<div class=\"elementor-widget-container\">\n\t\t\t<div class=\"elementor-heading-title elementor-size-default\">Zajmij si\u0119 swoim hobby.<\/div>\t\t<\/div>\n\t\t\t\t<\/div>\n\t\t\t\t<div class=\"elementor-element elementor-element-1881fa95 elementor-widget__width-initial elementor-widget elementor-widget-text-editor\" data-id=\"1881fa95\" data-element_type=\"widget\" data-widget_type=\"text-editor.default\">\n\t\t\t\t<div class=\"elementor-widget-container\">\n\t\t\t\t\t\t\t<p>Po\u015bwi\u0119\u0107 czas na zaj\u0119cie si\u0119 czym\u015b, co sprawia Ci przyjemno\u015b\u0107, np. czytanie ksi\u0105\u017cek, malowanie, gotowanie czy s\u0142uchanie muzyki.<\/p>\n\t\t\t\t\t\t<\/div>\n\t\t\t\t<\/div>\n\t\t\t\t<\/div>\n\t\t\t\t<\/div>\n\t\t\t\t<\/div>\n\t\t\t\t<\/div>\n\t\t<div class=\"elementor-element elementor-element-792d216d e-con-full e-flex wpr-particle-no wpr-jarallax-no wpr-parallax-no wpr-sticky-section-no e-con e-parent\" data-id=\"792d216d\" data-element_type=\"container\">\n\t\t\t\t<\/div>\n\t\t<div class=\"elementor-element elementor-element-1b9637c e-flex e-con-boxed wpr-particle-no wpr-jarallax-no wpr-parallax-no wpr-sticky-section-no e-con e-parent\" data-id=\"1b9637c\" data-element_type=\"container\">\n\t\t\t\t\t<div class=\"e-con-inner\">\n\t\t\t\t<div class=\"elementor-element elementor-element-30219b9d elementor-widget__width-initial elementor-absolute elementor-widget elementor-widget-text-editor\" data-id=\"30219b9d\" data-element_type=\"widget\" data-settings=\"{&quot;_position&quot;:&quot;absolute&quot;}\" data-widget_type=\"text-editor.default\">\n\t\t\t\t<div class=\"elementor-widget-container\">\n\t\t\t\t\t\t\t<p>Pami\u0119taj, \u017ce ma\u0142e kroki mog\u0105 prowadzi\u0107 do du\u017cych zmian w Twoim \u017cyciu.Regularne stosowanie tych prostych dzia\u0142a\u0144 mo\u017ce znacz\u0105co poprawi\u0107 Twoje samopoczucie.<\/p>\n\t\t\t\t\t\t<\/div>\n\t\t\t\t<\/div>\n\t\t\t\t<div class=\"elementor-element elementor-element-48b786cc elementor-widget__width-initial elementor-absolute elementor-widget elementor-widget-heading\" data-id=\"48b786cc\" data-element_type=\"widget\" data-settings=\"{&quot;_position&quot;:&quot;absolute&quot;}\" data-widget_type=\"heading.default\">\n\t\t\t\t<div class=\"elementor-widget-container\">\n\t\t\t<div class=\"elementor-heading-title elementor-size-default\">Do us\u0142yszenia!<\/div>\t\t<\/div>\n\t\t\t\t<\/div>\n\t\t\t\t\t<\/div>\n\t\t\t\t<\/div>\n\t\t\t\t<\/div>\n\t\t","protected":false},"excerpt":{"rendered":"<p>Brawo! Pierwszy krok za Tob\u0105. Nied\u0142ugo kto\u015b z fundacji skontaktuje si\u0119 z Tob\u0105. W mi\u0119dzyczasie mo\u017cesz stara\u0107 si\u0119 wprowadzi\u0107 kilka prostych nawyk\u00f3w, kt\u00f3re u\u0142atwi\u0105 Ci powr\u00f3t do r\u00f3wnowagi: 1 Wprowad\u017a regularn\u0105 aktywno\u015b\u0107 fizyczn\u0105. Wyjd\u017a na kr\u00f3tki spacer na \u015bwie\u017cym powietrzu. Nawet 10-15 minut na zewn\u0105trz mo\u017ce poprawi\u0107 nastr\u00f3j i dostarczy\u0107 energii. 2 Zadbaj o zdrowy sen i od\u017cywianie. Ustal regularny harmonogram snu, staraj\u0105c si\u0119 k\u0142a\u015b\u0107 i wstawa\u0107 o sta\u0142ych porach. Spo\u017cywaj zdrowe, zr\u00f3wnowa\u017cone posi\u0142ki. 3 Praktykuj techniki relaksacyjne. Mo\u017cesz spr\u00f3bowa\u0107 korzysta\u0107 z aplikacji do medytacji lub znale\u017a\u0107 nagrania wideo online, kt\u00f3re krok po kroku przeprowadz\u0105 Ci\u0119 przez te techniki. 4 Zajmij si\u0119 swoim hobby. Po\u015bwi\u0119\u0107 czas na zaj\u0119cie si\u0119 czym\u015b, co sprawia Ci przyjemno\u015b\u0107, np. czytanie ksi\u0105\u017cek, malowanie, gotowanie czy s\u0142uchanie muzyki. Pami\u0119taj, \u017ce ma\u0142e kroki mog\u0105 prowadzi\u0107 do du\u017cych zmian w Twoim \u017cyciu.Regularne stosowanie tych prostych dzia\u0142a\u0144 mo\u017ce znacz\u0105co poprawi\u0107 Twoje samopoczucie. Do us\u0142yszenia!<\/p>\n","protected":false},"author":1,"featured_media":0,"parent":0,"menu_order":0,"comment_status":"closed","ping_status":"closed","template":"","meta":{"site-sidebar-layout":"default","site-content-layout":"","ast-site-content-layout":"","site-content-style":"default","site-sidebar-style":"default","ast-global-header-display":"","ast-banner-title-visibility":"","ast-main-header-display":"","ast-hfb-above-header-display":"","ast-hfb-below-header-display":"","ast-hfb-mobile-header-display":"","site-post-title":"","ast-breadcrumbs-content":"","ast-featured-img":"","footer-sml-layout":"","theme-transparent-header-meta":"","adv-header-id-meta":"","stick-header-meta":"","header-above-stick-meta":"","header-main-stick-meta":"","header-below-stick-meta":"","astra-migrate-meta-layouts":"default","ast-page-background-enabled":"default","ast-page-background-meta":{"desktop":{"background-color":"var(--ast-global-color-4)","background-image":"","background-repeat":"repeat","background-position":"center center","background-size":"auto","background-attachment":"scroll","background-type":"","background-media":"","overlay-type":"","overlay-color":"","overlay-opacity":"","overlay-gradient":""},"tablet":{"background-color":"","background-image":"","background-repeat":"repeat","background-position":"center center","background-size":"auto","background-attachment":"scroll","background-type":"","background-media":"","overlay-type":"","overlay-color":"","overlay-opacity":"","overlay-gradient":""},"mobile":{"background-color":"","background-image":"","background-repeat":"repeat","background-position":"center center","background-size":"auto","background-attachment":"scroll","background-type":"","background-media":"","overlay-type":"","overlay-color":"","overlay-opacity":"","overlay-gradient":""}},"ast-content-background-meta":{"desktop":{"background-color":"var(--ast-global-color-5)","background-image":"","background-repeat":"repeat","background-position":"center center","background-size":"auto","background-attachment":"scroll","background-type":"","background-media":"","overlay-type":"","overlay-color":"","overlay-opacity":"","overlay-gradient":""},"tablet":{"background-color":"var(--ast-global-color-5)","background-image":"","background-repeat":"repeat","background-position":"center center","background-size":"auto","background-attachment":"scroll","background-type":"","background-media":"","overlay-type":"","overlay-color":"","overlay-opacity":"","overlay-gradient":""},"mobile":{"background-color":"var(--ast-global-color-5)","background-image":"","background-repeat":"repeat","background-position":"center center","background-size":"auto","background-attachment":"scroll","background-type":"","background-media":"","overlay-type":"","overlay-color":"","overlay-opacity":"","overlay-gradient":""}},"footnotes":""},"class_list":["post-31211","page","type-page","status-publish","hentry"],"_links":{"self":[{"href":"https:\/\/aspeera.org\/pl\/wp-json\/wp\/v2\/pages\/31211"}],"collection":[{"href":"https:\/\/aspeera.org\/pl\/wp-json\/wp\/v2\/pages"}],"about":[{"href":"https:\/\/aspeera.org\/pl\/wp-json\/wp\/v2\/types\/page"}],"author":[{"embeddable":true,"href":"https:\/\/aspeera.org\/pl\/wp-json\/wp\/v2\/users\/1"}],"replies":[{"embeddable":true,"href":"https:\/\/aspeera.org\/pl\/wp-json\/wp\/v2\/comments?post=31211"}],"version-history":[{"count":1,"href":"https:\/\/aspeera.org\/pl\/wp-json\/wp\/v2\/pages\/31211\/revisions"}],"predecessor-version":[{"id":31212,"href":"https:\/\/aspeera.org\/pl\/wp-json\/wp\/v2\/pages\/31211\/revisions\/31212"}],"wp:attachment":[{"href":"https:\/\/aspeera.org\/pl\/wp-json\/wp\/v2\/media?parent=31211"}],"curies":[{"name":"wp","href":"https:\/\/api.w.org\/{rel}","templated":true}]}}